 {"id":1060,"date":"2024-11-27T10:15:41","date_gmt":"2024-11-27T15:15:41","guid":{"rendered":"https:\/\/mobilestagerentals.com\/?page_id=1060"},"modified":"2024-11-27T10:17:36","modified_gmt":"2024-11-27T15:17:36","slug":"confirmacion","status":"publish","type":"page","link":"https:\/\/mobilestagerentals.com\/es\/confirmacion\/","title":{"rendered":"Confirmaci\u00f3n"},"content":{"rendered":"\t\t<div data-elementor-type=\"wp-page\" data-elementor-id=\"1060\" class=\"elementor elementor-1060\">\n\t\t\t\t<div class=\"elementor-element elementor-element-cdac0d5 e-flex e-con-boxed e-con e-parent\" data-id=\"cdac0d5\" data-element_type=\"container\" data-settings=\"{&quot;background_background&quot;:&quot;classic&quot;}\">\n\t\t\t\t\t<div class=\"e-con-inner\">\n\t\t\t\t\t<\/div>\n\t\t\t\t<\/div>\n\t\t<div class=\"elementor-element elementor-element-c749559 e-flex e-con-boxed e-con e-parent\" data-id=\"c749559\" data-element_type=\"container\">\n\t\t\t\t\t<div class=\"e-con-inner\">\n\t\t\t\t<div class=\"elementor-element elementor-element-e12ced0 animated-slow elementor-invisible elementor-widget elementor-widget-heading\" data-id=\"e12ced0\" data-element_type=\"widget\" data-settings=\"{&quot;_animation&quot;:&quot;fadeIn&quot;}\" data-widget_type=\"heading.default\">\n\t\t\t\t<div class=\"elementor-widget-container\">\n\t\t\t<h2 class=\"elementor-heading-title elementor-size-default\">\u00a1Gracias<span>!<\/span><\/h2>\t\t<\/div>\n\t\t\t\t<\/div>\n\t\t\t\t<div class=\"elementor-element elementor-element-070889f animated-slow elementor-invisible elementor-widget elementor-widget-text-editor\" data-id=\"070889f\" data-element_type=\"widget\" data-settings=\"{&quot;_animation&quot;:&quot;fadeIn&quot;}\" data-widget_type=\"text-editor.default\">\n\t\t\t\t<div class=\"elementor-widget-container\">\n\t\t\t\t\t\t\t<p>Tu solicitud ha sido procesada con \u00e9xito. Un miembro de nuestro equipo se pondr\u00e1 en contacto contigo lo antes posible.<\/p><p>Para cualquier emergencia, por favor cont\u00e1ctanos por tel\u00e9fono.<\/p><p>\u00a1Gracias por tu confianza!<\/p>\t\t\t\t\t\t<\/div>\n\t\t\t\t<\/div>\n\t\t\t\t<div class=\"elementor-element elementor-element-a19960a elementor-align-center elementor-widget elementor-widget-button\" data-id=\"a19960a\" data-element_type=\"widget\" data-widget_type=\"button.default\">\n\t\t\t\t<div class=\"elementor-widget-container\">\n\t\t\t\t\t\t\t<div class=\"elementor-button-wrapper\">\n\t\t\t\t\t<a class=\"elementor-button elementor-button-link elementor-size-sm\" href=\"https:\/\/mobilestagerentals.com\/es\/\">\n\t\t\t\t\t\t<span class=\"elementor-button-content-wrapper\">\n\t\t\t\t\t\t<span class=\"elementor-button-icon\">\n\t\t\t\t<svg xmlns=\"http:\/\/www.w3.org\/2000\/svg\" width=\"25\" height=\"25\" viewBox=\"0 0 25 25\" fill=\"none\"><g clip-path=\"url(#clip0_2428_1314)\"><path d=\"M13.6722 12.5L8.72217 7.54999L10.1362 6.13599L16.5002 12.5L10.1362 18.864L8.72217 17.45L13.6722 12.5Z\" fill=\"#F4BC16\"><\/path><\/g><defs><clipPath id=\"clip0_2428_1314\"><rect width=\"24\" height=\"24\" fill=\"white\" transform=\"translate(0.5 0.5)\"><\/rect><\/clipPath><\/defs><\/svg>\t\t\t<\/span>\n\t\t\t\t\t\t\t\t\t<span class=\"elementor-button-text\">Volver a la p\u00e1gina de inicio<\/span>\n\t\t\t\t\t<\/span>\n\t\t\t\t\t<\/a>\n\t\t\t\t<\/div>\n\t\t\t\t\t\t<\/div>\n\t\t\t\t<\/div>\n\t\t\t\t\t<\/div>\n\t\t\t\t<\/div>\n\t\t\t\t<\/div>\n\t\t","protected":false},"excerpt":{"rendered":"<p>\u00a1Gracias! Tu solicitud ha sido procesada con \u00e9xito. Un miembro de nuestro equipo se pondr\u00e1 en contacto contigo lo antes posible. Para cualquier emergencia, por favor cont\u00e1ctanos por tel\u00e9fono. \u00a1Gracias por tu confianza! Volver a la p\u00e1gina de inicio<\/p>\n","protected":false},"author":2,"featured_media":0,"parent":0,"menu_order":0,"comment_status":"closed","ping_status":"closed","template":"","meta":{"footnotes":""},"class_list":["post-1060","page","type-page","status-publish","hentry"],"yoast_head":"<!-- This site is optimized with the Yoast SEO plugin v23.9 - https:\/\/yoast.com\/wordpress\/plugins\/seo\/ -->\n<title>Confirmaci\u00f3n - Mobile Stage Rentals<\/title>\n<meta name=\"robots\" content=\"index, follow, max-snippet:-1, max-image-preview:large, max-video-preview:-1\" \/>\n<link rel=\"canonical\" href=\"https:\/\/mobilestagerentals.com\/es\/confirmacion\/\" \/>\n<meta property=\"og:locale\" content=\"es_ES\" \/>\n<meta property=\"og:type\" content=\"article\" \/>\n<meta property=\"og:title\" content=\"Confirmaci\u00f3n - Mobile Stage Rentals\" \/>\n<meta property=\"og:description\" content=\"\u00a1Gracias! Tu solicitud ha sido procesada con \u00e9xito. Un miembro de nuestro equipo se pondr\u00e1 en contacto contigo lo antes posible. Para cualquier emergencia, por favor cont\u00e1ctanos por tel\u00e9fono. \u00a1Gracias por tu confianza! Volver a la p\u00e1gina de inicio\" \/>\n<meta property=\"og:url\" content=\"https:\/\/mobilestagerentals.com\/es\/confirmacion\/\" \/>\n<meta property=\"og:site_name\" content=\"Mobile Stage Rentals\" \/>\n<meta property=\"article:modified_time\" content=\"2024-11-27T15:17:36+00:00\" \/>\n<meta name=\"twitter:label1\" content=\"Tiempo de lectura\" \/>\n\t<meta name=\"twitter:data1\" content=\"1 minuto\" \/>\n<script type=\"application\/ld+json\" class=\"yoast-schema-graph\">{\"@context\":\"https:\/\/schema.org\",\"@graph\":[{\"@type\":\"WebPage\",\"@id\":\"https:\/\/mobilestagerentals.com\/es\/confirmacion\/\",\"url\":\"https:\/\/mobilestagerentals.com\/es\/confirmacion\/\",\"name\":\"Confirmaci\u00f3n - Mobile Stage Rentals\",\"isPartOf\":{\"@id\":\"https:\/\/mobilestagerentals.com\/#website\"},\"datePublished\":\"2024-11-27T15:15:41+00:00\",\"dateModified\":\"2024-11-27T15:17:36+00:00\",\"breadcrumb\":{\"@id\":\"https:\/\/mobilestagerentals.com\/es\/confirmacion\/#breadcrumb\"},\"inLanguage\":\"es\",\"potentialAction\":[{\"@type\":\"ReadAction\",\"target\":[\"https:\/\/mobilestagerentals.com\/es\/confirmacion\/\"]}]},{\"@type\":\"BreadcrumbList\",\"@id\":\"https:\/\/mobilestagerentals.com\/es\/confirmacion\/#breadcrumb\",\"itemListElement\":[{\"@type\":\"ListItem\",\"position\":1,\"name\":\"Accueil\",\"item\":\"https:\/\/mobilestagerentals.com\/\"},{\"@type\":\"ListItem\",\"position\":2,\"name\":\"Confirmaci\u00f3n\"}]},{\"@type\":\"WebSite\",\"@id\":\"https:\/\/mobilestagerentals.com\/#website\",\"url\":\"https:\/\/mobilestagerentals.com\/\",\"name\":\"Mobile Stage Rentals\",\"description\":\"\",\"potentialAction\":[{\"@type\":\"SearchAction\",\"target\":{\"@type\":\"EntryPoint\",\"urlTemplate\":\"https:\/\/mobilestagerentals.com\/?s={search_term_string}\"},\"query-input\":{\"@type\":\"PropertyValueSpecification\",\"valueRequired\":true,\"valueName\":\"search_term_string\"}}],\"inLanguage\":\"es\"}]}<\/script>\n<!-- \/ Yoast SEO plugin. -->","yoast_head_json":{"title":"Confirmaci\u00f3n - Mobile Stage Rentals","robots":{"index":"index","follow":"follow","max-snippet":"max-snippet:-1","max-image-preview":"max-image-preview:large","max-video-preview":"max-video-preview:-1"},"canonical":"https:\/\/mobilestagerentals.com\/es\/confirmacion\/","og_locale":"es_ES","og_type":"article","og_title":"Confirmaci\u00f3n - Mobile Stage Rentals","og_description":"\u00a1Gracias! Tu solicitud ha sido procesada con \u00e9xito. Un miembro de nuestro equipo se pondr\u00e1 en contacto contigo lo antes posible. Para cualquier emergencia, por favor cont\u00e1ctanos por tel\u00e9fono. \u00a1Gracias por tu confianza! Volver a la p\u00e1gina de inicio","og_url":"https:\/\/mobilestagerentals.com\/es\/confirmacion\/","og_site_name":"Mobile Stage Rentals","article_modified_time":"2024-11-27T15:17:36+00:00","twitter_misc":{"Tiempo de lectura":"1 minuto"},"schema":{"@context":"https:\/\/schema.org","@graph":[{"@type":"WebPage","@id":"https:\/\/mobilestagerentals.com\/es\/confirmacion\/","url":"https:\/\/mobilestagerentals.com\/es\/confirmacion\/","name":"Confirmaci\u00f3n - Mobile Stage Rentals","isPartOf":{"@id":"https:\/\/mobilestagerentals.com\/#website"},"datePublished":"2024-11-27T15:15:41+00:00","dateModified":"2024-11-27T15:17:36+00:00","breadcrumb":{"@id":"https:\/\/mobilestagerentals.com\/es\/confirmacion\/#breadcrumb"},"inLanguage":"es","potentialAction":[{"@type":"ReadAction","target":["https:\/\/mobilestagerentals.com\/es\/confirmacion\/"]}]},{"@type":"BreadcrumbList","@id":"https:\/\/mobilestagerentals.com\/es\/confirmacion\/#breadcrumb","itemListElement":[{"@type":"ListItem","position":1,"name":"Accueil","item":"https:\/\/mobilestagerentals.com\/"},{"@type":"ListItem","position":2,"name":"Confirmaci\u00f3n"}]},{"@type":"WebSite","@id":"https:\/\/mobilestagerentals.com\/#website","url":"https:\/\/mobilestagerentals.com\/","name":"Mobile Stage Rentals","description":"","potentialAction":[{"@type":"SearchAction","target":{"@type":"EntryPoint","urlTemplate":"https:\/\/mobilestagerentals.com\/?s={search_term_string}"},"query-input":{"@type":"PropertyValueSpecification","valueRequired":true,"valueName":"search_term_string"}}],"inLanguage":"es"}]}},"_links":{"self":[{"href":"https:\/\/mobilestagerentals.com\/es\/wp-json\/wp\/v2\/pages\/1060","targetHints":{"allow":["GET"]}}],"collection":[{"href":"https:\/\/mobilestagerentals.com\/es\/wp-json\/wp\/v2\/pages"}],"about":[{"href":"https:\/\/mobilestagerentals.com\/es\/wp-json\/wp\/v2\/types\/page"}],"author":[{"embeddable":true,"href":"https:\/\/mobilestagerentals.com\/es\/wp-json\/wp\/v2\/users\/2"}],"replies":[{"embeddable":true,"href":"https:\/\/mobilestagerentals.com\/es\/wp-json\/wp\/v2\/comments?post=1060"}],"version-history":[{"count":0,"href":"https:\/\/mobilestagerentals.com\/es\/wp-json\/wp\/v2\/pages\/1060\/revisions"}],"wp:attachment":[{"href":"https:\/\/mobilestagerentals.com\/es\/wp-json\/wp\/v2\/media?parent=1060"}],"curies":[{"name":"wp","href":"https:\/\/api.w.org\/{rel}","templated":true}]}}